{"id":208,"date":"2025-12-04T16:15:27","date_gmt":"2025-12-04T16:15:27","guid":{"rendered":"https:\/\/hca.venturacounty.gov\/hospitals\/?page_id=208"},"modified":"2026-03-12T20:06:35","modified_gmt":"2026-03-12T20:06:35","slug":"trauma-services","status":"publish","type":"page","link":"https:\/\/hca.venturacounty.gov\/hospitals\/es\/trauma-services\/","title":{"rendered":"Servicios de trauma"},"content":{"rendered":"<div data-elementor-type=\"wp-page\" data-elementor-id=\"208\" class=\"elementor elementor-208\" data-elementor-post-type=\"page\">\n\t\t\t\t<div class=\"elementor-element elementor-element-0f3ed46 e-flex e-con-boxed e-con e-parent\" data-id=\"0f3ed46\" data-element_type=\"container\" data-e-type=\"container\">\n\t\t\t\t\t<div class=\"e-con-inner\">\n\t\t<div class=\"elementor-element elementor-element-4621fba e-con-full e-flex e-con e-child\" data-id=\"4621fba\" data-element_type=\"container\" data-e-type=\"container\">\n\t\t<div class=\"elementor-element elementor-element-b7a664c e-con-full e-flex e-con e-child\" data-id=\"b7a664c\" data-element_type=\"container\" data-e-type=\"container\" data-settings=\"{&quot;background_background&quot;:&quot;classic&quot;,&quot;animation&quot;:&quot;none&quot;}\">\n\t\t\t\t<div class=\"elementor-element elementor-element-b9f168a elementor-widget elementor-widget-heading\" data-id=\"b9f168a\" data-element_type=\"widget\" data-e-type=\"widget\" data-widget_type=\"heading.default\">\n\t\t\t\t<div class=\"elementor-widget-container\">\n\t\t\t\t\t<h2 class=\"elementor-heading-title elementor-size-default\">Men\u00fa<\/h2>\t\t\t\t<\/div>\n\t\t\t\t<\/div>\n\t\t\t\t<div class=\"elementor-element elementor-element-ac62dd8 elementor-widget-divider--view-line elementor-widget elementor-widget-divider\" data-id=\"ac62dd8\" data-element_type=\"widget\" data-e-type=\"widget\" data-widget_type=\"divider.default\">\n\t\t\t\t<div class=\"elementor-widget-container\">\n\t\t\t\t\t\t\t<div class=\"elementor-divider\">\n\t\t\t<span class=\"elementor-divider-separator\">\n\t\t\t\t\t\t<\/span>\n\t\t<\/div>\n\t\t\t\t\t\t<\/div>\n\t\t\t\t<\/div>\n\t\t\t\t<div class=\"elementor-element elementor-element-ac08c31 elementor-icon-list--layout-traditional elementor-list-item-link-full_width elementor-widget elementor-widget-global elementor-global-377 elementor-widget-icon-list\" data-id=\"ac08c31\" data-element_type=\"widget\" data-e-type=\"widget\" data-widget_type=\"icon-list.default\">\n\t\t\t\t<div class=\"elementor-widget-container\">\n\t\t\t\t\t\t\t<ul class=\"elementor-icon-list-items\">\n\t\t\t\t\t\t\t<li class=\"elementor-icon-list-item\">\n\t\t\t\t\t\t\t\t\t\t\t<a href=\"https:\/\/hca.venturacounty.gov\/hospitals\/es\/hospitals\/\">\n\n\t\t\t\t\t\t\t\t\t\t\t\t<span class=\"elementor-icon-list-icon\">\n\t\t\t\t\t\t\t<svg aria-hidden=\"true\" class=\"e-font-icon-svg e-fas-chevron-circle-right\" viewbox=\"0 0 512 512\" xmlns=\"http:\/\/www.w3.org\/2000\/svg\"><path d=\"M256 8c137 0 248 111 248 248S393 504 256 504 8 393 8 256 119 8 256 8zm113.9 231L234.4 103.5c-9.4-9.4-24.6-9.4-33.9 0l-17 17c-9.4 9.4-9.4 24.6 0 33.9L285.1 256 183.5 357.6c-9.4 9.4-9.4 24.6 0 33.9l17 17c9.4 9.4 24.6 9.4 33.9 0L369.9 273c9.4-9.4 9.4-24.6 0-34z\"><\/path><\/svg>\t\t\t\t\t\t<\/span>\n\t\t\t\t\t\t\t\t\t\t<span class=\"elementor-icon-list-text\">Hogar<\/span>\n\t\t\t\t\t\t\t\t\t\t\t<\/a>\n\t\t\t\t\t\t\t\t\t<\/li>\n\t\t\t\t\t\t\t\t<li class=\"elementor-icon-list-item\">\n\t\t\t\t\t\t\t\t\t\t\t<a href=\"https:\/\/hca.venturacounty.gov\/hospitals\/es\/trauma-services\/\">\n\n\t\t\t\t\t\t\t\t\t\t\t\t<span class=\"elementor-icon-list-icon\">\n\t\t\t\t\t\t\t<svg aria-hidden=\"true\" class=\"e-font-icon-svg e-fas-chevron-circle-right\" viewbox=\"0 0 512 512\" xmlns=\"http:\/\/www.w3.org\/2000\/svg\"><path d=\"M256 8c137 0 248 111 248 248S393 504 256 504 8 393 8 256 119 8 256 8zm113.9 231L234.4 103.5c-9.4-9.4-24.6-9.4-33.9 0l-17 17c-9.4 9.4-9.4 24.6 0 33.9L285.1 256 183.5 357.6c-9.4 9.4-9.4 24.6 0 33.9l17 17c9.4 9.4 24.6 9.4 33.9 0L369.9 273c9.4-9.4 9.4-24.6 0-34z\"><\/path><\/svg>\t\t\t\t\t\t<\/span>\n\t\t\t\t\t\t\t\t\t\t<span class=\"elementor-icon-list-text\">Servicios de trauma <\/span>\n\t\t\t\t\t\t\t\t\t\t\t<\/a>\n\t\t\t\t\t\t\t\t\t<\/li>\n\t\t\t\t\t\t\t\t<li class=\"elementor-icon-list-item\">\n\t\t\t\t\t\t\t\t\t\t\t<a href=\"https:\/\/hca.venturacounty.gov\/hospitals\/es\/trauma-services-staff\/\">\n\n\t\t\t\t\t\t\t\t\t\t\t\t<span class=\"elementor-icon-list-icon\">\n\t\t\t\t\t\t\t<svg aria-hidden=\"true\" class=\"e-font-icon-svg e-fas-chevron-circle-right\" viewbox=\"0 0 512 512\" xmlns=\"http:\/\/www.w3.org\/2000\/svg\"><path d=\"M256 8c137 0 248 111 248 248S393 504 256 504 8 393 8 256 119 8 256 8zm113.9 231L234.4 103.5c-9.4-9.4-24.6-9.4-33.9 0l-17 17c-9.4 9.4-9.4 24.6 0 33.9L285.1 256 183.5 357.6c-9.4 9.4-9.4 24.6 0 33.9l17 17c9.4 9.4 24.6 9.4 33.9 0L369.9 273c9.4-9.4 9.4-24.6 0-34z\"><\/path><\/svg>\t\t\t\t\t\t<\/span>\n\t\t\t\t\t\t\t\t\t\t<span class=\"elementor-icon-list-text\">Personal de trauma<\/span>\n\t\t\t\t\t\t\t\t\t\t\t<\/a>\n\t\t\t\t\t\t\t\t\t<\/li>\n\t\t\t\t\t\t\t\t<li class=\"elementor-icon-list-item\">\n\t\t\t\t\t\t\t\t\t\t\t<a href=\"https:\/\/hca.venturacounty.gov\/hospitals\/es\/trauma-liasons\/\">\n\n\t\t\t\t\t\t\t\t\t\t\t\t<span class=\"elementor-icon-list-icon\">\n\t\t\t\t\t\t\t<svg aria-hidden=\"true\" class=\"e-font-icon-svg e-fas-chevron-circle-right\" viewbox=\"0 0 512 512\" xmlns=\"http:\/\/www.w3.org\/2000\/svg\"><path d=\"M256 8c137 0 248 111 248 248S393 504 256 504 8 393 8 256 119 8 256 8zm113.9 231L234.4 103.5c-9.4-9.4-24.6-9.4-33.9 0l-17 17c-9.4 9.4-9.4 24.6 0 33.9L285.1 256 183.5 357.6c-9.4 9.4-9.4 24.6 0 33.9l17 17c9.4 9.4 24.6 9.4 33.9 0L369.9 273c9.4-9.4 9.4-24.6 0-34z\"><\/path><\/svg>\t\t\t\t\t\t<\/span>\n\t\t\t\t\t\t\t\t\t\t<span class=\"elementor-icon-list-text\">Enlaces de trauma<\/span>\n\t\t\t\t\t\t\t\t\t\t\t<\/a>\n\t\t\t\t\t\t\t\t\t<\/li>\n\t\t\t\t\t\t\t\t<li class=\"elementor-icon-list-item\">\n\t\t\t\t\t\t\t\t\t\t\t<a href=\"https:\/\/hca.venturacounty.gov\/hospitals\/es\/trauma-surgeons\/\">\n\n\t\t\t\t\t\t\t\t\t\t\t\t<span class=\"elementor-icon-list-icon\">\n\t\t\t\t\t\t\t<svg aria-hidden=\"true\" class=\"e-font-icon-svg e-fas-chevron-circle-right\" viewbox=\"0 0 512 512\" xmlns=\"http:\/\/www.w3.org\/2000\/svg\"><path d=\"M256 8c137 0 248 111 248 248S393 504 256 504 8 393 8 256 119 8 256 8zm113.9 231L234.4 103.5c-9.4-9.4-24.6-9.4-33.9 0l-17 17c-9.4 9.4-9.4 24.6 0 33.9L285.1 256 183.5 357.6c-9.4 9.4-9.4 24.6 0 33.9l17 17c9.4 9.4 24.6 9.4 33.9 0L369.9 273c9.4-9.4 9.4-24.6 0-34z\"><\/path><\/svg>\t\t\t\t\t\t<\/span>\n\t\t\t\t\t\t\t\t\t\t<span class=\"elementor-icon-list-text\">Cirujanos de trauma<\/span>\n\t\t\t\t\t\t\t\t\t\t\t<\/a>\n\t\t\t\t\t\t\t\t\t<\/li>\n\t\t\t\t\t\t<\/ul>\n\t\t\t\t\t\t<\/div>\n\t\t\t\t<\/div>\n\t\t\t\t<div class=\"elementor-element elementor-element-5a28ee0 elementor-widget-divider--view-line elementor-widget elementor-widget-divider\" data-id=\"5a28ee0\" data-element_type=\"widget\" data-e-type=\"widget\" data-widget_type=\"divider.default\">\n\t\t\t\t<div class=\"elementor-widget-container\">\n\t\t\t\t\t\t\t<div class=\"elementor-divider\">\n\t\t\t<span class=\"elementor-divider-separator\">\n\t\t\t\t\t\t<\/span>\n\t\t<\/div>\n\t\t\t\t\t\t<\/div>\n\t\t\t\t<\/div>\n\t\t\t\t<div class=\"elementor-element elementor-element-1cc09be elementor-align-center elementor-widget elementor-widget-button\" data-id=\"1cc09be\" data-element_type=\"widget\" data-e-type=\"widget\" data-widget_type=\"button.default\">\n\t\t\t\t<div class=\"elementor-widget-container\">\n\t\t\t\t\t\t\t\t\t<div class=\"elementor-button-wrapper\">\n\t\t\t\t\t<a class=\"elementor-button elementor-button-link elementor-size-sm\" href=\"https:\/\/hca.venturacounty.gov\/hospitals\/es\/econnect\/\" target=\"_blank\">\n\t\t\t\t\t\t<span class=\"elementor-button-content-wrapper\">\n\t\t\t\t\t\t\t\t\t<span class=\"elementor-button-text\">Pedir hora<\/span>\n\t\t\t\t\t<\/span>\n\t\t\t\t\t<\/a>\n\t\t\t\t<\/div>\n\t\t\t\t\t\t\t\t<\/div>\n\t\t\t\t<\/div>\n\t\t\t\t<div class=\"elementor-element elementor-element-02c5784 elementor-widget-divider--view-line elementor-widget elementor-widget-divider\" data-id=\"02c5784\" data-element_type=\"widget\" data-e-type=\"widget\" data-widget_type=\"divider.default\">\n\t\t\t\t<div class=\"elementor-widget-container\">\n\t\t\t\t\t\t\t<div class=\"elementor-divider\">\n\t\t\t<span class=\"elementor-divider-separator\">\n\t\t\t\t\t\t<\/span>\n\t\t<\/div>\n\t\t\t\t\t\t<\/div>\n\t\t\t\t<\/div>\n\t\t\t\t<div class=\"elementor-element elementor-element-4da46f7 elementor-widget elementor-widget-image\" data-id=\"4da46f7\" data-element_type=\"widget\" data-e-type=\"widget\" data-widget_type=\"image.default\">\n\t\t\t\t<div class=\"elementor-widget-container\">\n\t\t\t\t\t\t\t\t\t\t\t\t\t\t\t<img fetchpriority=\"high\" decoding=\"async\" width=\"800\" height=\"534\" src=\"https:\/\/hca.venturacounty.gov\/hospitals\/wp-content\/uploads\/sites\/18\/2025\/12\/VCMC_FM_Residency_Photoshoot_9-4-2025-29-1-1024x683.jpg\" class=\"attachment-large size-large wp-image-362\" alt=\"\" srcset=\"https:\/\/hca.venturacounty.gov\/hospitals\/wp-content\/uploads\/sites\/18\/2025\/12\/VCMC_FM_Residency_Photoshoot_9-4-2025-29-1-1024x683.jpg 1024w, https:\/\/hca.venturacounty.gov\/hospitals\/wp-content\/uploads\/sites\/18\/2025\/12\/VCMC_FM_Residency_Photoshoot_9-4-2025-29-1-300x200.jpg 300w, https:\/\/hca.venturacounty.gov\/hospitals\/wp-content\/uploads\/sites\/18\/2025\/12\/VCMC_FM_Residency_Photoshoot_9-4-2025-29-1-768x512.jpg 768w, https:\/\/hca.venturacounty.gov\/hospitals\/wp-content\/uploads\/sites\/18\/2025\/12\/VCMC_FM_Residency_Photoshoot_9-4-2025-29-1-1536x1024.jpg 1536w, https:\/\/hca.venturacounty.gov\/hospitals\/wp-content\/uploads\/sites\/18\/2025\/12\/VCMC_FM_Residency_Photoshoot_9-4-2025-29-1.jpg 2048w\" sizes=\"(max-width: 800px) 100vw, 800px\" \/>\t\t\t\t\t\t\t\t\t\t\t\t\t\t\t<\/div>\n\t\t\t\t<\/div>\n\t\t\t\t<\/div>\n\t\t<div class=\"elementor-element elementor-element-15c1796 e-con-full e-flex e-con e-child\" data-id=\"15c1796\" data-element_type=\"container\" data-e-type=\"container\">\n\t\t\t\t<div class=\"elementor-element elementor-element-9780fbe elementor-widget elementor-widget-heading\" data-id=\"9780fbe\" data-element_type=\"widget\" data-e-type=\"widget\" data-widget_type=\"heading.default\">\n\t\t\t\t<div class=\"elementor-widget-container\">\n\t\t\t\t\t<h1 class=\"elementor-heading-title elementor-size-default\">Servicios de trauma<\/h1>\t\t\t\t<\/div>\n\t\t\t\t<\/div>\n\t\t\t\t<div class=\"elementor-element elementor-element-a7e71e1 elementor-widget elementor-widget-text-editor\" data-id=\"a7e71e1\" data-element_type=\"widget\" data-e-type=\"widget\" data-widget_type=\"text-editor.default\">\n\t\t\t\t<div class=\"elementor-widget-container\">\n\t\t\t\t\t\t\t\t\t<p>El Centro M\u00e9dico del Condado de Ventura (VCMC) es el centro de trauma de nivel II designado y verificado que presta servicios en el condado de West Ventura. \u00a0<\/p><p>VCMC se dedica a brindar la atenci\u00f3n traumatol\u00f3gica m\u00e1s eficaz y eficiente a pacientes con lesiones cr\u00edticas en el condado de Ventura. Nuestro excelente equipo de cirujanos est\u00e1 formado por cirujanos con formaci\u00f3n en trauma y cuidados intensivos, con amplia experiencia en la atenci\u00f3n traumatol\u00f3gica, adem\u00e1s de ser el \u00fanico ortopedista con formaci\u00f3n en trauma del condado de Ventura. Todos nuestros m\u00e9dicos cuentan con el apoyo de enfermeros y t\u00e9cnicos altamente capacitados.<\/p><p>Este enfoque de equipo para la atenci\u00f3n al paciente se refuerza mediante simulacros mensuales de trauma, adem\u00e1s de charlas semanales con los residentes del hospital sobre atenci\u00f3n de trauma. El equipo de trauma est\u00e1 compuesto por un m\u00e9dico l\u00edder, un enfermero l\u00edder, un terapeuta respiratorio, personal de la UCI y personal auxiliar. Adem\u00e1s, cuentan con la experiencia de t\u00e9cnicos de rayos X, t\u00e9cnicos de laboratorio y flebotomistas. Este enfoque organizado para la atenci\u00f3n de trauma ha demostrado salvar vidas en numerosos estudios. El t\u00e9rmino &quot;Efecto Halo&quot; se utiliz\u00f3 para describir el beneficio de la atenci\u00f3n centrada en la atenci\u00f3n de trauma, lo que mejora la calidad de la atenci\u00f3n en todo el hospital. Esto se ve confirmado por la reputaci\u00f3n de excelencia del Centro M\u00e9dico del Condado de Ventura.<\/p><p>El enfoque de VCMC para la atenci\u00f3n de traumatismos es la evoluci\u00f3n natural de la cultura organizativa y estructural del hospital. Esto es importante, ya que el entorno donde se atiende a una persona con lesiones graves puede volverse ca\u00f3tico f\u00e1cilmente. Un equipo de trauma especializado es fundamental en el tratamiento de pacientes con enfermedades agudas. El trauma es la principal causa de muerte en personas de 40 a 50 a\u00f1os, independientemente de su g\u00e9nero, raza o situaci\u00f3n econ\u00f3mica; y la tercera causa de muerte en personas de todas las edades, g\u00e9nero, raza o situaci\u00f3n econ\u00f3mica. Un equipo de trauma especializado requiere disciplina y compromiso de todos los niveles de la organizaci\u00f3n para mantener el est\u00e1ndar de excelencia necesario, que Ventura County Medical Center ofrece. El equipo de trauma de VCMC ofrece respuesta r\u00e1pida, planificaci\u00f3n y la m\u00e1s alta calidad de atenci\u00f3n al paciente lesionado.<\/p><p>El Centro M\u00e9dico del Condado de Ventura brinda excelencia en los siguientes servicios de trauma:<\/p><ul><li>Neurocirug\u00eda<\/li><li>Ortoped\u00eda<\/li><li>Cardiolog\u00eda<\/li><li>Cirug\u00eda reconstructiva<\/li><li>Anestesiolog\u00eda<\/li><\/ul><p>Este est\u00e1ndar de atenci\u00f3n traumatol\u00f3gica es el sello distintivo de la madurez del sistema de traumatolog\u00eda de VCMC. Se han implementado m\u00faltiples directrices y protocolos, y los departamentos de urgencias, neurocirug\u00eda, ortopedia y cirug\u00eda general se dedican con entusiasmo y dedicaci\u00f3n a brindar la mejor atenci\u00f3n traumatol\u00f3gica en el condado de Ventura.<\/p>\t\t\t\t\t\t\t\t<\/div>\n\t\t\t\t<\/div>\n\t\t\t\t<\/div>\n\t\t\t\t<\/div>\n\t\t\t\t\t<\/div>\n\t\t\t\t<\/div>\n\t\t\t\t<\/div>","protected":false},"excerpt":{"rendered":"<p>Menu Home Trauma Services Trauma Staff Trauma Liasons Trauma Surgeons Make an Appointment Ventura County Medical Center (VCMC) is the designated and verified Level II Trauma center serving West Ventura county. \u00a0 VCMC is dedicated to providing the most effective, efficient trauma care to the critically injured patient in Ventura County. Our impressive team of [&hellip;]<\/p>\n","protected":false},"author":7,"featured_media":0,"parent":0,"menu_order":0,"comment_status":"closed","ping_status":"closed","template":"","meta":{"_relevanssi_hide_post":"","_relevanssi_hide_content":"","_relevanssi_pin_for_all":"","_relevanssi_pin_keywords":"","_relevanssi_unpin_keywords":"","_relevanssi_related_keywords":"","_relevanssi_related_include_ids":"","_relevanssi_related_exclude_ids":"","_relevanssi_related_no_append":"","_relevanssi_related_not_related":"","_relevanssi_related_posts":"","_relevanssi_noindex_reason":"","footnotes":""},"class_list":["post-208","page","type-page","status-publish","hentry"],"_links":{"self":[{"href":"https:\/\/hca.venturacounty.gov\/hospitals\/es\/wp-json\/wp\/v2\/pages\/208","targetHints":{"allow":["GET"]}}],"collection":[{"href":"https:\/\/hca.venturacounty.gov\/hospitals\/es\/wp-json\/wp\/v2\/pages"}],"about":[{"href":"https:\/\/hca.venturacounty.gov\/hospitals\/es\/wp-json\/wp\/v2\/types\/page"}],"author":[{"embeddable":true,"href":"https:\/\/hca.venturacounty.gov\/hospitals\/es\/wp-json\/wp\/v2\/users\/7"}],"replies":[{"embeddable":true,"href":"https:\/\/hca.venturacounty.gov\/hospitals\/es\/wp-json\/wp\/v2\/comments?post=208"}],"version-history":[{"count":0,"href":"https:\/\/hca.venturacounty.gov\/hospitals\/es\/wp-json\/wp\/v2\/pages\/208\/revisions"}],"wp:attachment":[{"href":"https:\/\/hca.venturacounty.gov\/hospitals\/es\/wp-json\/wp\/v2\/media?parent=208"}],"curies":[{"name":"wp","href":"https:\/\/api.w.org\/{rel}","templated":true}]}}